{"id":1508,"date":"2021-01-07T15:27:36","date_gmt":"2021-01-07T14:27:36","guid":{"rendered":"http:\/\/197.13.15.229:8030\/?page_id=1508"},"modified":"2021-01-07T15:35:23","modified_gmt":"2021-01-07T14:35:23","slug":"demonstrations","status":"publish","type":"page","link":"https:\/\/geoprod.com\/en\/demonstrations\/","title":{"rendered":"Demonstrations"},"content":{"rendered":"<div id=\"blog\"  data-midnight=\"dark\"  data-bg-mobile-hidden=\"\" class=\"wpb_row vc_row-fluid vc_row top-level standard_section\"  style=\"padding-top: 0px; padding-bottom: 0px; \"><div class=\"row-bg-wrap\" data-bg-animation=\"none\"><div class=\"inner-wrap\"><div class=\"row-bg\"  style=\"\"><\/div><\/div><div class=\"row-bg-overlay\" ><\/div><\/div><div class=\"col span_12 dark left\">\n\t<div  class=\"vc_col-sm-12 wpb_column column_container vc_column_container col no-extra-padding\"  data-t-w-inherits=\"default\" data-border-radius=\"none\" data-shadow=\"none\" data-border-animation=\"\" data-border-animation-delay=\"\" data-border-width=\"none\" data-border-style=\"solid\" data-border-color=\"\" data-bg-cover=\"\" data-padding-pos=\"all\" data-has-bg-color=\"false\" data-bg-color=\"\" data-bg-opacity=\"1\" data-hover-bg=\"\" data-hover-bg-opacity=\"1\" data-animation=\"\" data-delay=\"0\"><div class=\"column-bg-overlay\"><\/div>\n\t\t<div class=\"vc_column-inner\">\n\t\t\t<div class=\"wpb_wrapper\">\n\t\t\t\t\t\t\t<div class=\"row blog-recent columns-3\" data-style=\"classic_enhanced\" data-color-scheme=\"light\" data-remove-post-date=\"\" data-remove-post-author=\"\" data-remove-post-comment-number=\"1\" data-remove-post-nectar-love=\"1\">\r\n\t\t\t\t\r\n\t\t\t\t\r\n\t\t\t\t<div class=\"col span_4 post-1529 post type-post status-publish format-standard has-post-thumbnail category-demonstration\" >\r\n\t\t\t\t\t\r\n\t\t\t\t\t\r\n\t\t\t\t\t\t\t<div class=\"inner-wrap post-1529 post type-post status-publish format-standard has-post-thumbnail category-demonstration\">\r\n\r\n\t\t\t\t\t\t\t<a href=\"https:\/\/geoprod.com\/en\/demonstration-gestion-sav\/\"  class=\"img-link\"><span class=\"post-featured-img\"><img decoding=\"async\" width=\"600\" height=\"403\" data-src=\"https:\/\/geoprod.com\/wp-content\/uploads\/2021\/01\/intro-videeoGES-600x403.jpg\" class=\"attachment-portfolio-thumb size-portfolio-thumb wp-post-image lazyload\" alt=\"GeoProd - Pr\u00e9sentation sc\u00e9nario Gestionnaire\" title=\"\" data-sizes=\"(min-width: 1300px) 33vw, (min-width: 1000px) 33vw, (min-width: 690px) 100vw, 100vw\" data-srcset=\"https:\/\/geoprod.com\/wp-content\/uploads\/2021\/01\/intro-videeoGES-600x403.jpg 600w, https:\/\/geoprod.com\/wp-content\/uploads\/2021\/01\/intro-videeoGES-900x604.jpg 900w, https:\/\/geoprod.com\/wp-content\/uploads\/2021\/01\/intro-videeoGES-400x269.jpg 400w\" src=\"data:image\/svg+xml;base64,PHN2ZyB3aWR0aD0iMSIgaGVpZ2h0PSIxIiB4bWxucz0iaHR0cDovL3d3dy53My5vcmcvMjAwMC9zdmciPjwvc3ZnPg==\" style=\"--smush-placeholder-width: 600px; --smush-placeholder-aspect-ratio: 600\/403;\" \/><\/span><\/a>\r\n\t\t\t\t\t\t\t<span class=\"meta-category\"><a class=\"demonstration\" href=\"https:\/\/geoprod.com\/en\/category\/demonstration\/\">demonstration<\/a><\/span>\t\t\t\t\t\t\t\t\r\n\t\t\t\t\t\t\t<a class=\"entire-meta-link\"  href=\"https:\/\/geoprod.com\/en\/demonstration-gestion-sav\/\"><\/a>\r\n\r\n\t\t\t\t\t\t\t<div class=\"article-content-wrap\">\r\n\t\t\t\t\t\t\t\t<div class=\"post-header\">\r\n\t\t\t\t\t\t\t\t\t<span class=\"meta\"> 7 January 2021 <\/span> \r\n\t\t\t\t\t\t\t\t\t<h3 class=\"title\">Management \/ Customer Support Demonstration<\/h3>\t\r\n\t\t\t\t\t\t\t\t<\/div><!--\/post-header-->\r\n\t\t\t\t\t\t\t\t<div class=\"excerpt\">\r\n\t\t\t\t\t\t\t\t\tWe start with the Login page, where the manager needs to sign in using their own credentials. We then arrive at the dashboard area. Upon opening, Geoprod instantly displays...\t\t\t\t\t\t\t\t<\/div>\r\n\t\t\t\t\t\t\t<\/div>\r\n\t\t\t\t\t\t\t\r\n\t\t\t\t\t\t\t<div class=\"post-meta\">\r\n\t\t\t\t\t\t\t\t<span class=\"meta-author\"> <a href=\"https:\/\/geoprod.com\/en\/author\/geoprod\/\"> <i class=\"icon-default-style icon-salient-m-user\"><\/i> GeoProd<\/a> <\/span> \r\n\t\t\t\t\t\t\t\t\r\n\t\t\t\t\t\t\t\t\t\t\t\t\t\t\t\t\r\n\t\t\t\t\t\t\t\t<div class=\"nectar-love-wrap\">\r\n\t\t\t\t\t\t\t\t\t<a href=\"#\" class=\"nectar-love\" id=\"nectar-love-1529\" title=\"Love this\"> <i class=\"icon-salient-heart-2\"><\/i><span class=\"nectar-love-count\">0<\/span><\/a>\t\t\t\t\t\t\t\t<\/div><!--\/nectar-love-wrap-->\t\r\n\t\t\t\t\t\t\t<\/div>\r\n\r\n\t\t\t\t\t\t<\/div>\r\n\r\n\t\t\t\t\t\t\t\t\t\t\t\r\n\t\t\t\t<\/div><!--\/col-->\r\n\t\t\t\t\r\n\t\t\t\t\r\n\t\t\t\t<div class=\"col span_4 post-1525 post type-post status-publish format-standard has-post-thumbnail category-demonstration\" >\r\n\t\t\t\t\t\r\n\t\t\t\t\t\r\n\t\t\t\t\t\t\t<div class=\"inner-wrap post-1525 post type-post status-publish format-standard has-post-thumbnail category-demonstration\">\r\n\r\n\t\t\t\t\t\t\t<a href=\"https:\/\/geoprod.com\/en\/1525\/\"  class=\"img-link\"><span class=\"post-featured-img\"><img decoding=\"async\" width=\"600\" height=\"403\" data-src=\"https:\/\/geoprod.com\/wp-content\/uploads\/2021\/01\/presentation-CT-600x403.jpg\" class=\"attachment-portfolio-thumb size-portfolio-thumb wp-post-image lazyload\" alt=\"GeoProd - Pr\u00e9sentation sc\u00e9nario Commercial Terrain\" title=\"\" data-sizes=\"(min-width: 1300px) 33vw, (min-width: 1000px) 33vw, (min-width: 690px) 100vw, 100vw\" data-srcset=\"https:\/\/geoprod.com\/wp-content\/uploads\/2021\/01\/presentation-CT-600x403.jpg 600w, https:\/\/geoprod.com\/wp-content\/uploads\/2021\/01\/presentation-CT-900x604.jpg 900w, https:\/\/geoprod.com\/wp-content\/uploads\/2021\/01\/presentation-CT-400x269.jpg 400w\" src=\"data:image\/svg+xml;base64,PHN2ZyB3aWR0aD0iMSIgaGVpZ2h0PSIxIiB4bWxucz0iaHR0cDovL3d3dy53My5vcmcvMjAwMC9zdmciPjwvc3ZnPg==\" style=\"--smush-placeholder-width: 600px; --smush-placeholder-aspect-ratio: 600\/403;\" \/><\/span><\/a>\r\n\t\t\t\t\t\t\t<span class=\"meta-category\"><a class=\"demonstration\" href=\"https:\/\/geoprod.com\/en\/category\/demonstration\/\">demonstration<\/a><\/span>\t\t\t\t\t\t\t\t\r\n\t\t\t\t\t\t\t<a class=\"entire-meta-link\"  href=\"https:\/\/geoprod.com\/en\/1525\/\"><\/a>\r\n\r\n\t\t\t\t\t\t\t<div class=\"article-content-wrap\">\r\n\t\t\t\t\t\t\t\t<div class=\"post-header\">\r\n\t\t\t\t\t\t\t\t\t<span class=\"meta\"> 7 January 2021 <\/span> \r\n\t\t\t\t\t\t\t\t\t<h3 class=\"title\">Field Sales Representative Demonstration<\/h3>\t\r\n\t\t\t\t\t\t\t\t<\/div><!--\/post-header-->\r\n\t\t\t\t\t\t\t\t<div class=\"excerpt\">\r\n\t\t\t\t\t\t\t\t\tField Sales Scenario Presentation on Geoprod System We start with the Login page where the sales representative needs to sign in using their own credentials. We then arrive at the dashboard area. Upon opening, we are instantly presented with...\t\t\t\t\t\t\t\t<\/div>\r\n\t\t\t\t\t\t\t<\/div>\r\n\t\t\t\t\t\t\t\r\n\t\t\t\t\t\t\t<div class=\"post-meta\">\r\n\t\t\t\t\t\t\t\t<span class=\"meta-author\"> <a href=\"https:\/\/geoprod.com\/en\/author\/geoprod\/\"> <i class=\"icon-default-style icon-salient-m-user\"><\/i> GeoProd<\/a> <\/span> \r\n\t\t\t\t\t\t\t\t\r\n\t\t\t\t\t\t\t\t\t\t\t\t\t\t\t\t\r\n\t\t\t\t\t\t\t\t<div class=\"nectar-love-wrap\">\r\n\t\t\t\t\t\t\t\t\t<a href=\"#\" class=\"nectar-love\" id=\"nectar-love-1525\" title=\"Love this\"> <i class=\"icon-salient-heart-2\"><\/i><span class=\"nectar-love-count\">0<\/span><\/a>\t\t\t\t\t\t\t\t<\/div><!--\/nectar-love-wrap-->\t\r\n\t\t\t\t\t\t\t<\/div>\r\n\r\n\t\t\t\t\t\t<\/div>\r\n\r\n\t\t\t\t\t\t\t\t\t\t\t\r\n\t\t\t\t<\/div><!--\/col-->\r\n\t\t\t\t\r\n\t\t\t\t\r\n\t\t\t\t<div class=\"col span_4 post-1523 post type-post status-publish format-standard has-post-thumbnail category-demonstration\" >\r\n\t\t\t\t\t\r\n\t\t\t\t\t\r\n\t\t\t\t\t\t\t<div class=\"inner-wrap post-1523 post type-post status-publish format-standard has-post-thumbnail category-demonstration\">\r\n\r\n\t\t\t\t\t\t\t<a href=\"https:\/\/geoprod.com\/en\/demonstration-commercial-vad\/\"  class=\"img-link\"><span class=\"post-featured-img\"><img decoding=\"async\" width=\"600\" height=\"403\" data-src=\"https:\/\/geoprod.com\/wp-content\/uploads\/2021\/01\/dem-comm-VAD-600x403.jpg\" class=\"attachment-portfolio-thumb size-portfolio-thumb wp-post-image lazyload\" alt=\"GeoProd - Pr\u00e9sentation sc\u00e9nario Commercial vente \u00e0 distance\" title=\"\" data-sizes=\"(min-width: 1300px) 33vw, (min-width: 1000px) 33vw, (min-width: 690px) 100vw, 100vw\" data-srcset=\"https:\/\/geoprod.com\/wp-content\/uploads\/2021\/01\/dem-comm-VAD-600x403.jpg 600w, https:\/\/geoprod.com\/wp-content\/uploads\/2021\/01\/dem-comm-VAD-900x604.jpg 900w, https:\/\/geoprod.com\/wp-content\/uploads\/2021\/01\/dem-comm-VAD-400x269.jpg 400w\" src=\"data:image\/svg+xml;base64,PHN2ZyB3aWR0aD0iMSIgaGVpZ2h0PSIxIiB4bWxucz0iaHR0cDovL3d3dy53My5vcmcvMjAwMC9zdmciPjwvc3ZnPg==\" style=\"--smush-placeholder-width: 600px; --smush-placeholder-aspect-ratio: 600\/403;\" \/><\/span><\/a>\r\n\t\t\t\t\t\t\t<span class=\"meta-category\"><a class=\"demonstration\" href=\"https:\/\/geoprod.com\/en\/category\/demonstration\/\">demonstration<\/a><\/span>\t\t\t\t\t\t\t\t\r\n\t\t\t\t\t\t\t<a class=\"entire-meta-link\"  href=\"https:\/\/geoprod.com\/en\/demonstration-commercial-vad\/\"><\/a>\r\n\r\n\t\t\t\t\t\t\t<div class=\"article-content-wrap\">\r\n\t\t\t\t\t\t\t\t<div class=\"post-header\">\r\n\t\t\t\t\t\t\t\t\t<span class=\"meta\"> 7 January 2021 <\/span> \r\n\t\t\t\t\t\t\t\t\t<h3 class=\"title\">Remote Sales Representative Demonstration<\/h3>\t\r\n\t\t\t\t\t\t\t\t<\/div><!--\/post-header-->\r\n\t\t\t\t\t\t\t\t<div class=\"excerpt\">\r\n\t\t\t\t\t\t\t\t\t\t\t\t\t\t\t\t\t<\/div>\r\n\t\t\t\t\t\t\t<\/div>\r\n\t\t\t\t\t\t\t\r\n\t\t\t\t\t\t\t<div class=\"post-meta\">\r\n\t\t\t\t\t\t\t\t<span class=\"meta-author\"> <a href=\"https:\/\/geoprod.com\/en\/author\/geoprod\/\"> <i class=\"icon-default-style icon-salient-m-user\"><\/i> GeoProd<\/a> <\/span> \r\n\t\t\t\t\t\t\t\t\r\n\t\t\t\t\t\t\t\t\t\t\t\t\t\t\t\t\r\n\t\t\t\t\t\t\t\t<div class=\"nectar-love-wrap\">\r\n\t\t\t\t\t\t\t\t\t<a href=\"#\" class=\"nectar-love\" id=\"nectar-love-1523\" title=\"Love this\"> <i class=\"icon-salient-heart-2\"><\/i><span class=\"nectar-love-count\">0<\/span><\/a>\t\t\t\t\t\t\t\t<\/div><!--\/nectar-love-wrap-->\t\r\n\t\t\t\t\t\t\t<\/div>\r\n\r\n\t\t\t\t\t\t<\/div>\r\n\r\n\t\t\t\t\t\t\t\t\t\t\t\r\n\t\t\t\t<\/div><!--\/col-->\r\n\t\t\t\t\r\n\t\t\t\t\r\n\t\t\t\t<div class=\"col span_4 post-1513 post type-post status-publish format-standard has-post-thumbnail category-demonstration\" >\r\n\t\t\t\t\t\r\n\t\t\t\t\t\r\n\t\t\t\t\t\t\t<div class=\"inner-wrap post-1513 post type-post status-publish format-standard has-post-thumbnail category-demonstration\">\r\n\r\n\t\t\t\t\t\t\t<a href=\"https:\/\/geoprod.com\/en\/demonstration-responsable-commercial\/\"  class=\"img-link\"><span class=\"post-featured-img\"><img decoding=\"async\" width=\"600\" height=\"403\" data-src=\"https:\/\/geoprod.com\/wp-content\/uploads\/2021\/01\/intro-videeoRC-600x403.jpg\" class=\"attachment-portfolio-thumb size-portfolio-thumb wp-post-image lazyload\" alt=\"GeoProd - Pr\u00e9sentation sc\u00e9nario Responsable commercial\" title=\"\" data-sizes=\"(min-width: 1300px) 33vw, (min-width: 1000px) 33vw, (min-width: 690px) 100vw, 100vw\" data-srcset=\"https:\/\/geoprod.com\/wp-content\/uploads\/2021\/01\/intro-videeoRC-600x403.jpg 600w, https:\/\/geoprod.com\/wp-content\/uploads\/2021\/01\/intro-videeoRC-900x604.jpg 900w, https:\/\/geoprod.com\/wp-content\/uploads\/2021\/01\/intro-videeoRC-400x269.jpg 400w\" src=\"data:image\/svg+xml;base64,PHN2ZyB3aWR0aD0iMSIgaGVpZ2h0PSIxIiB4bWxucz0iaHR0cDovL3d3dy53My5vcmcvMjAwMC9zdmciPjwvc3ZnPg==\" style=\"--smush-placeholder-width: 600px; --smush-placeholder-aspect-ratio: 600\/403;\" \/><\/span><\/a>\r\n\t\t\t\t\t\t\t<span class=\"meta-category\"><a class=\"demonstration\" href=\"https:\/\/geoprod.com\/en\/category\/demonstration\/\">demonstration<\/a><\/span>\t\t\t\t\t\t\t\t\r\n\t\t\t\t\t\t\t<a class=\"entire-meta-link\"  href=\"https:\/\/geoprod.com\/en\/demonstration-responsable-commercial\/\"><\/a>\r\n\r\n\t\t\t\t\t\t\t<div class=\"article-content-wrap\">\r\n\t\t\t\t\t\t\t\t<div class=\"post-header\">\r\n\t\t\t\t\t\t\t\t\t<span class=\"meta\"> 7 January 2021 <\/span> \r\n\t\t\t\t\t\t\t\t\t<h3 class=\"title\">Sales Manager Demonstration<\/h3>\t\r\n\t\t\t\t\t\t\t\t<\/div><!--\/post-header-->\r\n\t\t\t\t\t\t\t\t<div class=\"excerpt\">\r\n\t\t\t\t\t\t\t\t\t\t\t\t\t\t\t\t\t<\/div>\r\n\t\t\t\t\t\t\t<\/div>\r\n\t\t\t\t\t\t\t\r\n\t\t\t\t\t\t\t<div class=\"post-meta\">\r\n\t\t\t\t\t\t\t\t<span class=\"meta-author\"> <a href=\"https:\/\/geoprod.com\/en\/author\/geoprod\/\"> <i class=\"icon-default-style icon-salient-m-user\"><\/i> GeoProd<\/a> <\/span> \r\n\t\t\t\t\t\t\t\t\r\n\t\t\t\t\t\t\t\t\t\t\t\t\t\t\t\t\r\n\t\t\t\t\t\t\t\t<div class=\"nectar-love-wrap\">\r\n\t\t\t\t\t\t\t\t\t<a href=\"#\" class=\"nectar-love\" id=\"nectar-love-1513\" title=\"Love this\"> <i class=\"icon-salient-heart-2\"><\/i><span class=\"nectar-love-count\">0<\/span><\/a>\t\t\t\t\t\t\t\t<\/div><!--\/nectar-love-wrap-->\t\r\n\t\t\t\t\t\t\t<\/div>\r\n\r\n\t\t\t\t\t\t<\/div>\r\n\r\n\t\t\t\t\t\t\t\t\t\t\t\r\n\t\t\t\t<\/div><!--\/col-->\r\n\t\t\t\t\r\n\t\t\t\t\t\t\r\n\t\t\t<\/div><!--\/blog-recent-->\r\n\t\t\r\n\t\t\n\t\t\t<\/div> \n\t\t<\/div>\n\t<\/div> \n<\/div><\/div>","protected":false},"excerpt":{"rendered":"","protected":false},"author":4,"featured_media":0,"parent":0,"menu_order":0,"comment_status":"closed","ping_status":"closed","template":"","meta":{"footnotes":""},"class_list":["post-1508","page","type-page","status-publish"],"_links":{"self":[{"href":"https:\/\/geoprod.com\/en\/wp-json\/wp\/v2\/pages\/1508","targetHints":{"allow":["GET"]}}],"collection":[{"href":"https:\/\/geoprod.com\/en\/wp-json\/wp\/v2\/pages"}],"about":[{"href":"https:\/\/geoprod.com\/en\/wp-json\/wp\/v2\/types\/page"}],"author":[{"embeddable":true,"href":"https:\/\/geoprod.com\/en\/wp-json\/wp\/v2\/users\/4"}],"replies":[{"embeddable":true,"href":"https:\/\/geoprod.com\/en\/wp-json\/wp\/v2\/comments?post=1508"}],"version-history":[{"count":0,"href":"https:\/\/geoprod.com\/en\/wp-json\/wp\/v2\/pages\/1508\/revisions"}],"wp:attachment":[{"href":"https:\/\/geoprod.com\/en\/wp-json\/wp\/v2\/media?parent=1508"}],"curies":[{"name":"wp","href":"https:\/\/api.w.org\/{rel}","templated":true}]}}