{"id":1145,"date":"2020-12-24T21:10:25","date_gmt":"2020-12-24T20:10:25","guid":{"rendered":"http:\/\/197.13.15.229:8030\/?page_id=1145"},"modified":"2024-04-29T09:46:30","modified_gmt":"2024-04-29T07:46:30","slug":"partenariat","status":"publish","type":"page","link":"https:\/\/geoprod.com\/en\/partenariat\/","title":{"rendered":"Partnership"},"content":{"rendered":"<div id=\"fws_69f3b9df0aa6e\"  data-midnight=\"light\" data-top-percent=\"5%\" data-bottom-percent=\"5%\"  data-bg-mobile-hidden=\"\" class=\"wpb_row vc_row-fluid vc_row top-level full-width-section standard_section\"  style=\"padding-top: calc(100vw * 0.05); padding-bottom: calc(100vw * 0.05); \"><div class=\"row-bg-wrap\" data-bg-animation=\"none\"><div class=\"inner-wrap using-image\"><div class=\"row-bg using-image lazyload\"  style=\"background-image:inherit; background-position: center center; background-repeat: no-repeat; \" data-bg-image=\"url(https:\/\/geoprod.com\/wp-content\/uploads\/2021\/01\/banner-partenariat2.png)\"><\/div><\/div><div class=\"row-bg-overlay\" ><\/div><\/div><div class=\"col span_12 light center\">\n\t<div  class=\"vc_col-sm-12 wpb_column column_container vc_column_container col no-extra-padding\"  data-t-w-inherits=\"default\" data-border-radius=\"none\" data-shadow=\"none\" data-border-animation=\"\" data-border-animation-delay=\"\" data-border-width=\"none\" data-border-style=\"solid\" data-border-color=\"\" data-bg-cover=\"\" data-padding-pos=\"all\" data-has-bg-color=\"false\" data-bg-color=\"\" data-bg-opacity=\"1\" data-hover-bg=\"\" data-hover-bg-opacity=\"1\" data-animation=\"\" data-delay=\"0\"><div class=\"column-bg-overlay\"><\/div>\n\t\t<div class=\"vc_column-inner\">\n\t\t\t<div class=\"wpb_wrapper\">\n\t\t\t\t<h1 style=\"font-size: 38px;text-align: center\" class=\"vc_custom_heading\" >Partnership<\/h1>\n\t\t\t<\/div> \n\t\t<\/div>\n\t<\/div> \n<\/div><\/div>\n\t\t<div id=\"fws_69f3b9df0b731\"  data-midnight=\"dark\" data-top-percent=\"5%\" data-bottom-percent=\"5%\"  data-bg-mobile-hidden=\"\" class=\"wpb_row vc_row-fluid vc_row standard_section\"  style=\"padding-top: calc(100vw * 0.05); padding-bottom: calc(100vw * 0.05); \"><div class=\"row-bg-wrap\" data-bg-animation=\"none\"><div class=\"inner-wrap\"><div class=\"row-bg\"  style=\"\"><\/div><\/div><div class=\"row-bg-overlay\" ><\/div><\/div><div class=\"col span_12 dark center\">\n\t<div  class=\"vc_col-sm-6 wpb_column column_container vc_column_container col no-extra-padding\"  data-t-w-inherits=\"default\" data-border-radius=\"none\" data-shadow=\"none\" data-border-animation=\"\" data-border-animation-delay=\"\" data-border-width=\"none\" data-border-style=\"solid\" data-border-color=\"\" data-bg-cover=\"\" data-padding-pos=\"all\" data-has-bg-color=\"false\" data-bg-color=\"\" data-bg-opacity=\"1\" data-hover-bg=\"\" data-hover-bg-opacity=\"1\" data-animation=\"\" data-delay=\"0\"><div class=\"column-bg-overlay\"><\/div>\n\t\t<div class=\"vc_column-inner\">\n\t\t\t<div class=\"wpb_wrapper\">\n\t\t\t\t<div class=\"img-with-aniamtion-wrap center\" data-max-width=\"100%\" data-border-radius=\"none\"><div class=\"inner\"><img decoding=\"async\" data-shadow=\"none\" data-shadow-direction=\"middle\" class=\"img-with-animation skip-lazy\" data-delay=\"0\" height=\"352\" width=\"532\"  data-animation=\"fade-in\" src=\"https:\/\/geoprod.com\/wp-content\/uploads\/2020\/12\/mozilla-part.jpg\" srcset=\"https:\/\/geoprod.com\/wp-content\/uploads\/2020\/12\/mozilla-part.jpg 532w, https:\/\/geoprod.com\/wp-content\/uploads\/2020\/12\/mozilla-part-300x198.jpg 300w\" sizes=\"100vw\" alt=\"Partenariat Mozilla\" \/><\/div><\/div>\n\t\t\t<\/div> \n\t\t<\/div>\n\t<\/div> \n\n\t<div  class=\"vc_col-sm-6 wpb_column column_container vc_column_container col no-extra-padding\"  data-t-w-inherits=\"default\" data-border-radius=\"none\" data-shadow=\"none\" data-border-animation=\"\" data-border-animation-delay=\"\" data-border-width=\"none\" data-border-style=\"solid\" data-border-color=\"\" data-bg-cover=\"\" data-padding-pos=\"all\" data-has-bg-color=\"false\" data-bg-color=\"\" data-bg-opacity=\"1\" data-hover-bg=\"\" data-hover-bg-opacity=\"1\" data-animation=\"\" data-delay=\"0\"><div class=\"column-bg-overlay\"><\/div>\n\t\t<div class=\"vc_column-inner\">\n\t\t\t<div class=\"wpb_wrapper\">\n\t\t\t\t<div class=\"img-with-aniamtion-wrap center\" data-max-width=\"100%\" data-border-radius=\"none\"><div class=\"inner\"><img decoding=\"async\" data-shadow=\"none\" data-shadow-direction=\"middle\" class=\"img-with-animation skip-lazy\" data-delay=\"0\" height=\"352\" width=\"532\"  data-animation=\"fade-in\" src=\"https:\/\/geoprod.com\/wp-content\/uploads\/2020\/12\/IBM-part.png\" srcset=\"https:\/\/geoprod.com\/wp-content\/uploads\/2020\/12\/IBM-part.png 532w, https:\/\/geoprod.com\/wp-content\/uploads\/2020\/12\/IBM-part-300x198.png 300w\" sizes=\"100vw\" alt=\"Partenariat IBM\" \/><\/div><\/div>\n\t\t\t<\/div> \n\t\t<\/div>\n\t<\/div> \n<\/div><\/div>\n\t\t<div id=\"fws_69f3b9df0c632\"  data-midnight=\"dark\" data-top-percent=\"5%\" data-bottom-percent=\"5%\"  data-bg-mobile-hidden=\"\" class=\"wpb_row vc_row-fluid vc_row standard_section\"  style=\"padding-top: calc(100vw * 0.05); padding-bottom: calc(100vw * 0.05); \"><div class=\"row-bg-wrap\" data-bg-animation=\"none\"><div class=\"inner-wrap\"><div class=\"row-bg\"  style=\"\"><\/div><\/div><div class=\"row-bg-overlay\" ><\/div><\/div><div class=\"col span_12 dark center\">\n\t<div  class=\"vc_col-sm-6 wpb_column column_container vc_column_container col no-extra-padding\"  data-t-w-inherits=\"default\" data-border-radius=\"none\" data-shadow=\"none\" data-border-animation=\"\" data-border-animation-delay=\"\" data-border-width=\"none\" data-border-style=\"solid\" data-border-color=\"\" data-bg-cover=\"\" data-padding-pos=\"all\" data-has-bg-color=\"false\" data-bg-color=\"\" data-bg-opacity=\"1\" data-hover-bg=\"\" data-hover-bg-opacity=\"1\" data-animation=\"\" data-delay=\"0\"><div class=\"column-bg-overlay\"><\/div>\n\t\t<div class=\"vc_column-inner\">\n\t\t\t<div class=\"wpb_wrapper\">\n\t\t\t\t<div class=\"img-with-aniamtion-wrap center\" data-max-width=\"100%\" data-border-radius=\"none\"><div class=\"inner\"><img decoding=\"async\" data-shadow=\"none\" data-shadow-direction=\"middle\" class=\"img-with-animation skip-lazy\" data-delay=\"0\" height=\"1157\" width=\"1497\"  data-animation=\"fade-in\" src=\"https:\/\/geoprod.com\/wp-content\/uploads\/2024\/04\/La_Poste_2022.png\" srcset=\"https:\/\/geoprod.com\/wp-content\/uploads\/2024\/04\/La_Poste_2022.png 1497w, https:\/\/geoprod.com\/wp-content\/uploads\/2024\/04\/La_Poste_2022-300x232.png 300w, https:\/\/geoprod.com\/wp-content\/uploads\/2024\/04\/La_Poste_2022-1024x791.png 1024w, https:\/\/geoprod.com\/wp-content\/uploads\/2024\/04\/La_Poste_2022-768x594.png 768w, https:\/\/geoprod.com\/wp-content\/uploads\/2024\/04\/La_Poste_2022-16x12.png 16w\" sizes=\"100vw\" alt=\"\" \/><\/div><\/div>\n\t\t\t<\/div> \n\t\t<\/div>\n\t<\/div> \n\n\t<div  class=\"vc_col-sm-6 wpb_column column_container vc_column_container col no-extra-padding\"  data-t-w-inherits=\"default\" data-border-radius=\"none\" data-shadow=\"none\" data-border-animation=\"\" data-border-animation-delay=\"\" data-border-width=\"none\" data-border-style=\"solid\" data-border-color=\"\" data-bg-cover=\"\" data-padding-pos=\"all\" data-has-bg-color=\"false\" data-bg-color=\"\" data-bg-opacity=\"1\" data-hover-bg=\"\" data-hover-bg-opacity=\"1\" data-animation=\"\" data-delay=\"0\"><div class=\"column-bg-overlay\"><\/div>\n\t\t<div class=\"vc_column-inner\">\n\t\t\t<div class=\"wpb_wrapper\">\n\t\t\t\t<div class=\"img-with-aniamtion-wrap center\" data-max-width=\"100%\" data-border-radius=\"none\"><div class=\"inner\"><img decoding=\"async\" data-shadow=\"none\" data-shadow-direction=\"middle\" class=\"img-with-animation skip-lazy\" data-delay=\"0\" height=\"650\" width=\"866\"  data-animation=\"fade-in\" src=\"https:\/\/geoprod.com\/wp-content\/uploads\/2024\/04\/yousign1530.jpg\" srcset=\"https:\/\/geoprod.com\/wp-content\/uploads\/2024\/04\/yousign1530.jpg 866w, https:\/\/geoprod.com\/wp-content\/uploads\/2024\/04\/yousign1530-300x225.jpg 300w, https:\/\/geoprod.com\/wp-content\/uploads\/2024\/04\/yousign1530-768x576.jpg 768w, https:\/\/geoprod.com\/wp-content\/uploads\/2024\/04\/yousign1530-16x12.jpg 16w\" sizes=\"100vw\" alt=\"\" \/><\/div><\/div>\n\t\t\t<\/div> \n\t\t<\/div>\n\t<\/div> \n<\/div><\/div>\n\t\t<div id=\"fws_69f3b9df0d488\"  data-midnight=\"dark\" data-top-percent=\"5%\" data-bottom-percent=\"5%\"  data-bg-mobile-hidden=\"\" class=\"wpb_row vc_row-fluid vc_row standard_section\"  style=\"padding-top: calc(100vw * 0.05); padding-bottom: calc(100vw * 0.05); \"><div class=\"row-bg-wrap\" data-bg-animation=\"none\"><div class=\"inner-wrap\"><div class=\"row-bg\"  style=\"\"><\/div><\/div><div class=\"row-bg-overlay\" ><\/div><\/div><div class=\"col span_12 dark center\">\n\t<div  class=\"vc_col-sm-6 wpb_column column_container vc_column_container col no-extra-padding\"  data-t-w-inherits=\"default\" data-border-radius=\"none\" data-shadow=\"none\" data-border-animation=\"\" data-border-animation-delay=\"\" data-border-width=\"none\" data-border-style=\"solid\" data-border-color=\"\" data-bg-cover=\"\" data-padding-pos=\"all\" data-has-bg-color=\"false\" data-bg-color=\"\" data-bg-opacity=\"1\" data-hover-bg=\"\" data-hover-bg-opacity=\"1\" data-animation=\"\" data-delay=\"0\"><div class=\"column-bg-overlay\"><\/div>\n\t\t<div class=\"vc_column-inner\">\n\t\t\t<div class=\"wpb_wrapper\">\n\t\t\t\t<div class=\"img-with-aniamtion-wrap center\" data-max-width=\"100%\" data-border-radius=\"none\"><div class=\"inner\"><img decoding=\"async\" data-shadow=\"none\" data-shadow-direction=\"middle\" class=\"img-with-animation skip-lazy\" data-delay=\"0\" height=\"630\" width=\"1200\"  data-animation=\"fade-in\" src=\"https:\/\/geoprod.com\/wp-content\/uploads\/2024\/04\/Severalnines_social_share_card_1200x630px-1.png\" srcset=\"https:\/\/geoprod.com\/wp-content\/uploads\/2024\/04\/Severalnines_social_share_card_1200x630px-1.png 1200w, https:\/\/geoprod.com\/wp-content\/uploads\/2024\/04\/Severalnines_social_share_card_1200x630px-1-300x158.png 300w, https:\/\/geoprod.com\/wp-content\/uploads\/2024\/04\/Severalnines_social_share_card_1200x630px-1-1024x538.png 1024w, https:\/\/geoprod.com\/wp-content\/uploads\/2024\/04\/Severalnines_social_share_card_1200x630px-1-768x403.png 768w, https:\/\/geoprod.com\/wp-content\/uploads\/2024\/04\/Severalnines_social_share_card_1200x630px-1-18x9.png 18w\" sizes=\"100vw\" alt=\"\" \/><\/div><\/div>\n\t\t\t<\/div> \n\t\t<\/div>\n\t<\/div> \n\n\t<div  class=\"vc_col-sm-6 wpb_column column_container vc_column_container col no-extra-padding\"  data-t-w-inherits=\"default\" data-border-radius=\"none\" data-shadow=\"none\" data-border-animation=\"\" data-border-animation-delay=\"\" data-border-width=\"none\" data-border-style=\"solid\" data-border-color=\"\" data-bg-cover=\"\" data-padding-pos=\"all\" data-has-bg-color=\"false\" data-bg-color=\"\" data-bg-opacity=\"1\" data-hover-bg=\"\" data-hover-bg-opacity=\"1\" data-animation=\"\" data-delay=\"0\"><div class=\"column-bg-overlay\"><\/div>\n\t\t<div class=\"vc_column-inner\">\n\t\t\t<div class=\"wpb_wrapper\">\n\t\t\t\t<div class=\"img-with-aniamtion-wrap center\" data-max-width=\"100%\" data-border-radius=\"none\"><div class=\"inner\"><img decoding=\"async\" data-shadow=\"none\" data-shadow-direction=\"middle\" class=\"img-with-animation skip-lazy\" data-delay=\"0\" height=\"720\" width=\"1280\"  data-animation=\"fade-in\" src=\"https:\/\/geoprod.com\/wp-content\/uploads\/2024\/04\/MS-Power-BI.png\" srcset=\"https:\/\/geoprod.com\/wp-content\/uploads\/2024\/04\/MS-Power-BI.png 1280w, https:\/\/geoprod.com\/wp-content\/uploads\/2024\/04\/MS-Power-BI-300x169.png 300w, https:\/\/geoprod.com\/wp-content\/uploads\/2024\/04\/MS-Power-BI-1024x576.png 1024w, https:\/\/geoprod.com\/wp-content\/uploads\/2024\/04\/MS-Power-BI-768x432.png 768w, https:\/\/geoprod.com\/wp-content\/uploads\/2024\/04\/MS-Power-BI-18x10.png 18w\" sizes=\"100vw\" alt=\"\" \/><\/div><\/div>\n\t\t\t<\/div> \n\t\t<\/div>\n\t<\/div> \n<\/div><\/div>\n\t\t<div id=\"fws_69f3b9df0e1b1\"  data-midnight=\"dark\" data-top-percent=\"5%\" data-bottom-percent=\"5%\"  data-bg-mobile-hidden=\"\" class=\"wpb_row vc_row-fluid vc_row  vc_row-o-equal-height vc_row-flex standard_section\"  style=\"padding-top: calc(100vw * 0.05); padding-bottom: calc(100vw * 0.05); \"><div class=\"row-bg-wrap\" data-bg-animation=\"none\"><div class=\"inner-wrap\"><div class=\"row-bg\"  style=\"\"><\/div><\/div><div class=\"row-bg-overlay\" ><\/div><\/div><div class=\"col span_12 dark center\">\n\t<div  class=\"vc_col-sm-3 wpb_column column_container vc_column_container col padding-3-percent\"  data-t-w-inherits=\"default\" data-border-radius=\"none\" data-shadow=\"none\" data-border-animation=\"true\" data-border-animation-delay=\"500\" data-border-width=\"none\" data-border-style=\"solid\" data-border-color=\"#15226a\" data-bg-cover=\"\" data-padding-pos=\"all\" data-has-bg-color=\"false\" data-bg-color=\"\" data-bg-opacity=\"1\" data-hover-bg=\"\" data-hover-bg-opacity=\"1\" data-animation=\"\" data-delay=\"0\"><div class=\"column-bg-overlay\"><\/div>\n\t\t<div class=\"vc_column-inner\">\n\t\t\t<div class=\"wpb_wrapper\">\n\t\t\t\t\n\t\t\t<\/div> \n\t\t<\/div>\n\t<\/div> \n\n\t<div style=\"border: 1px solid rgba(255,255,255,0); \" class=\"vc_col-sm-6 wpb_column column_container vc_column_container col padding-3-percent\"  data-t-w-inherits=\"default\" data-border-radius=\"none\" data-shadow=\"none\" data-border-animation=\"true\" data-border-animation-delay=\"500\" data-border-width=\"1px\" data-border-style=\"solid\" data-border-color=\"#15226a\" data-bg-cover=\"\" data-padding-pos=\"all\" data-has-bg-color=\"false\" data-bg-color=\"\" data-bg-opacity=\"1\" data-hover-bg=\"\" data-hover-bg-opacity=\"1\" data-animation=\"\" data-delay=\"0\"><span class=\"border-wrap\" style=\"border-color: #15226a;\"><span class=\"border-top\"><\/span><span class=\"border-right\"><\/span><span class=\"border-bottom\"><\/span><span class=\"border-left\"><\/span><\/span><div class=\"column-bg-overlay\"><\/div>\n\t\t<div class=\"vc_column-inner\">\n\t\t\t<div class=\"wpb_wrapper\">\n\t\t\t\t\r\n\t<div class=\"wpb_text_column wpb_content_element\" >\r\n\t\t<div class=\"wpb_wrapper\">\r\n\t\t\t<h4 style=\"text-align: center;\">Opt for Innovation and Growth with our Network of Integrators<\/h4>\n<p>&nbsp;<\/p>\n<p style=\"text-align: left;\">Are you looking to provide new perspectives to your clients and accelerate your growth?<\/p>\n<p style=\"text-align: left;\">Join our network of integrators and take advantage of GeoProd's innovation. To learn more, please fill out our information request form. We will be delighted to help you achieve your goals.<\/p>\n\r\n\t\t<\/div>\r\n\t<\/div>\r\n<div class=\"divider-wrap\" data-alignment=\"default\"><div style=\"height: 20px;\" class=\"divider\"><\/div><\/div><a class=\"nectar-button large see-through-3  custom-btn\" style=\"border-color: #fb9720;\"  href=\"#wow-modal-id-3\" data-color-override=\"#fb9720\"  data-hover-color-override=\"#fb9720\" data-hover-text-color-override=\"#ffffff\"><span>Request an appointment<\/span><\/a>\n\t\t\t<\/div> \n\t\t<\/div>\n\t<\/div> \n\n\t<div  class=\"vc_col-sm-3 wpb_column column_container vc_column_container col no-extra-padding\"  data-t-w-inherits=\"default\" data-border-radius=\"none\" data-shadow=\"none\" data-border-animation=\"\" data-border-animation-delay=\"\" data-border-width=\"none\" data-border-style=\"solid\" data-border-color=\"\" data-bg-cover=\"\" data-padding-pos=\"all\" data-has-bg-color=\"false\" data-bg-color=\"\" data-bg-opacity=\"1\" data-hover-bg=\"\" data-hover-bg-opacity=\"1\" data-animation=\"\" data-delay=\"0\"><div class=\"column-bg-overlay\"><\/div>\n\t\t<div class=\"vc_column-inner\">\n\t\t\t<div class=\"wpb_wrapper\">\n\t\t\t\t\n\t\t\t<\/div> \n\t\t<\/div>\n\t<\/div> \n<\/div><\/div>","protected":false},"excerpt":{"rendered":"Partenariat Optez pour l'Innovation et la Croissance avec notre R\u00e9seau d'Int\u00e9grateurs &nbsp; Vous souhaitez offrir de nouvelles perspectives \u00e0 vos clients et acc\u00e9l\u00e9rer votre croissance ? Rejoignez notre r\u00e9seau d'int\u00e9grateurs...","protected":false},"author":4,"featured_media":1627,"parent":0,"menu_order":0,"comment_status":"closed","ping_status":"closed","template":"","meta":{"footnotes":""},"class_list":["post-1145","page","type-page","status-publish","has-post-thumbnail"],"_links":{"self":[{"href":"https:\/\/geoprod.com\/en\/wp-json\/wp\/v2\/pages\/1145","targetHints":{"allow":["GET"]}}],"collection":[{"href":"https:\/\/geoprod.com\/en\/wp-json\/wp\/v2\/pages"}],"about":[{"href":"https:\/\/geoprod.com\/en\/wp-json\/wp\/v2\/types\/page"}],"author":[{"embeddable":true,"href":"https:\/\/geoprod.com\/en\/wp-json\/wp\/v2\/users\/4"}],"replies":[{"embeddable":true,"href":"https:\/\/geoprod.com\/en\/wp-json\/wp\/v2\/comments?post=1145"}],"version-history":[{"count":0,"href":"https:\/\/geoprod.com\/en\/wp-json\/wp\/v2\/pages\/1145\/revisions"}],"wp:featuredmedia":[{"embeddable":true,"href":"https:\/\/geoprod.com\/en\/wp-json\/wp\/v2\/media\/1627"}],"wp:attachment":[{"href":"https:\/\/geoprod.com\/en\/wp-json\/wp\/v2\/media?parent=1145"}],"curies":[{"name":"wp","href":"https:\/\/api.w.org\/{rel}","templated":true}]}}